{"id":1042,"date":"2023-05-16T19:20:51","date_gmt":"2023-05-16T17:20:51","guid":{"rendered":"https:\/\/lomapharm.tacke-marketing.de\/company\/history\/"},"modified":"2023-05-16T19:47:52","modified_gmt":"2023-05-16T17:47:52","slug":"history","status":"publish","type":"page","link":"https:\/\/lomapharm.de\/en\/company\/history\/","title":{"rendered":"History"},"content":{"rendered":"\t\t<div data-elementor-type=\"wp-page\" data-elementor-id=\"1042\" class=\"elementor elementor-1042 elementor-158\" data-elementor-post-type=\"page\">\n\t\t\t\t\t\t<section class=\"elementor-section elementor-top-section elementor-element elementor-element-a0f8c95 elementor-section-boxed elementor-section-height-default elementor-section-height-default\" data-id=\"a0f8c95\" data-element_type=\"section\" data-e-type=\"section\">\n\t\t\t\t\t\t<div class=\"elementor-container elementor-column-gap-default\">\n\t\t\t\t\t<div class=\"elementor-column elementor-col-33 elementor-top-column elementor-element elementor-element-2ee4447\" data-id=\"2ee4447\" data-element_type=\"column\" data-e-type=\"column\">\n\t\t\t<div class=\"elementor-widget-wrap elementor-element-populated\">\n\t\t\t\t\t\t<section class=\"elementor-section elementor-inner-section elementor-element elementor-element-34e5b6a elementor-section-boxed elementor-section-height-default elementor-section-height-default\" data-id=\"34e5b6a\" data-element_type=\"section\" data-e-type=\"section\" data-settings=\"{&quot;sticky&quot;:&quot;top&quot;,&quot;sticky_offset&quot;:70,&quot;sticky_parent&quot;:&quot;yes&quot;,&quot;sticky_on&quot;:[&quot;desktop&quot;,&quot;tablet&quot;,&quot;mobile&quot;],&quot;sticky_effects_offset&quot;:0,&quot;sticky_anchor_link_offset&quot;:0}\">\n\t\t\t\t\t\t<div class=\"elementor-container elementor-column-gap-default\">\n\t\t\t\t\t<div class=\"elementor-column elementor-col-100 elementor-inner-column elementor-element elementor-element-ae0730a elementor-hidden-mobile\" data-id=\"ae0730a\" data-element_type=\"column\" data-e-type=\"column\" data-settings=\"{&quot;background_background&quot;:&quot;classic&quot;}\">\n\t\t\t<div class=\"elementor-widget-wrap elementor-element-populated\">\n\t\t\t\t\t\t<div class=\"elementor-element elementor-element-038cb63 elementor-widget__width-auto elementor-absolute elementor-hidden-tablet elementor-widget elementor-widget-image\" data-id=\"038cb63\" data-element_type=\"widget\" data-e-type=\"widget\" data-settings=\"{&quot;_position&quot;:&quot;absolute&quot;}\" data-widget_type=\"image.default\">\n\t\t\t\t<div class=\"elementor-widget-container\">\n\t\t\t\t\t\t\t\t\t\t\t\t\t\t\t<img decoding=\"async\" src=\"https:\/\/lomapharm.de\/wp-content\/uploads\/2022\/07\/menu_indicator.png\" title=\"menu_indicator\" alt=\"menu_indicator\" loading=\"lazy\" \/>\t\t\t\t\t\t\t\t\t\t\t\t\t\t\t<\/div>\n\t\t\t\t<\/div>\n\t\t\t\t<div class=\"elementor-element elementor-element-37a0114 elementor-nav-menu__align-start elementor-nav-menu--dropdown-none elementor-widget elementor-widget-nav-menu\" data-id=\"37a0114\" data-element_type=\"widget\" data-e-type=\"widget\" data-settings=\"{&quot;layout&quot;:&quot;vertical&quot;,&quot;submenu_icon&quot;:{&quot;value&quot;:&quot;&lt;i aria-hidden=\\&quot;true\\&quot; class=\\&quot;\\&quot;&gt;&lt;\\\/i&gt;&quot;,&quot;library&quot;:&quot;&quot;}}\" data-widget_type=\"nav-menu.default\">\n\t\t\t\t<div class=\"elementor-widget-container\">\n\t\t\t\t\t\t\t\t<nav aria-label=\"Menu\" class=\"elementor-nav-menu--main elementor-nav-menu__container elementor-nav-menu--layout-vertical e--pointer-text e--animation-none\">\n\t\t\t\t<ul id=\"menu-1-37a0114\" class=\"elementor-nav-menu sm-vertical\"><li class=\"menu-item menu-item-type-post_type menu-item-object-page menu-item-348\"><a href=\"https:\/\/lomapharm.de\/unternehmen\/\" class=\"elementor-item\">Company<\/a><\/li>\n<li class=\"menu-item menu-item-type-post_type menu-item-object-page menu-item-349\"><a href=\"https:\/\/lomapharm.de\/unternehmen\/historie\/\" class=\"elementor-item\">History<\/a><\/li>\n<li class=\"menu-item menu-item-type-post_type menu-item-object-page menu-item-423\"><a href=\"https:\/\/lomapharm.de\/unternehmen\/qualitaet\/\" class=\"elementor-item\">Quality<\/a><\/li>\n<li class=\"menu-item menu-item-type-post_type menu-item-object-page menu-item-422\"><a href=\"https:\/\/lomapharm.de\/unternehmen\/lomapharm-video\/\" class=\"elementor-item\">Lomapharm video<\/a><\/li>\n<li class=\"menu-item menu-item-type-post_type menu-item-object-page menu-item-424\"><a href=\"https:\/\/lomapharm.de\/unternehmen\/news\/\" class=\"elementor-item\">News<\/a><\/li>\n<\/ul>\t\t\t<\/nav>\n\t\t\t\t\t\t<nav class=\"elementor-nav-menu--dropdown elementor-nav-menu__container\" aria-hidden=\"true\">\n\t\t\t\t<ul id=\"menu-2-37a0114\" class=\"elementor-nav-menu sm-vertical\"><li class=\"menu-item menu-item-type-post_type menu-item-object-page menu-item-348\"><a href=\"https:\/\/lomapharm.de\/unternehmen\/\" class=\"elementor-item\" tabindex=\"-1\">Company<\/a><\/li>\n<li class=\"menu-item menu-item-type-post_type menu-item-object-page menu-item-349\"><a href=\"https:\/\/lomapharm.de\/unternehmen\/historie\/\" class=\"elementor-item\" tabindex=\"-1\">History<\/a><\/li>\n<li class=\"menu-item menu-item-type-post_type menu-item-object-page menu-item-423\"><a href=\"https:\/\/lomapharm.de\/unternehmen\/qualitaet\/\" class=\"elementor-item\" tabindex=\"-1\">Quality<\/a><\/li>\n<li class=\"menu-item menu-item-type-post_type menu-item-object-page menu-item-422\"><a href=\"https:\/\/lomapharm.de\/unternehmen\/lomapharm-video\/\" class=\"elementor-item\" tabindex=\"-1\">Lomapharm video<\/a><\/li>\n<li class=\"menu-item menu-item-type-post_type menu-item-object-page menu-item-424\"><a href=\"https:\/\/lomapharm.de\/unternehmen\/news\/\" class=\"elementor-item\" tabindex=\"-1\">News<\/a><\/li>\n<\/ul>\t\t\t<\/nav>\n\t\t\t\t\t\t<\/div>\n\t\t\t\t<\/div>\n\t\t\t\t\t<\/div>\n\t\t<\/div>\n\t\t\t\t\t<\/div>\n\t\t<\/section>\n\t\t\t\t\t<\/div>\n\t\t<\/div>\n\t\t\t\t<div class=\"elementor-column elementor-col-66 elementor-top-column elementor-element elementor-element-54b251b\" data-id=\"54b251b\" data-element_type=\"column\" data-e-type=\"column\">\n\t\t\t<div class=\"elementor-widget-wrap elementor-element-populated\">\n\t\t\t\t\t\t<section class=\"elementor-section elementor-inner-section elementor-element elementor-element-771909f elementor-section-boxed elementor-section-height-default elementor-section-height-default\" data-id=\"771909f\" data-element_type=\"section\" data-e-type=\"section\">\n\t\t\t\t\t\t<div class=\"elementor-container elementor-column-gap-default\">\n\t\t\t\t\t<div class=\"elementor-column elementor-col-100 elementor-inner-column elementor-element elementor-element-dd86242\" data-id=\"dd86242\" data-element_type=\"column\" data-e-type=\"column\">\n\t\t\t<div class=\"elementor-widget-wrap elementor-element-populated\">\n\t\t\t\t\t\t<div class=\"elementor-element elementor-element-51f385f elementor-widget elementor-widget-heading\" data-id=\"51f385f\" data-element_type=\"widget\" data-e-type=\"widget\" data-widget_type=\"heading.default\">\n\t\t\t\t<div class=\"elementor-widget-container\">\n\t\t\t\t\t<h1 class=\"elementor-heading-title elementor-size-default\">History<\/h1>\t\t\t\t<\/div>\n\t\t\t\t<\/div>\n\t\t\t\t<div class=\"elementor-element elementor-element-f624ccf elementor-widget elementor-widget-heading\" data-id=\"f624ccf\" data-element_type=\"widget\" data-e-type=\"widget\" data-widget_type=\"heading.default\">\n\t\t\t\t<div class=\"elementor-widget-container\">\n\t\t\t\t\t<h2 class=\"elementor-heading-title elementor-size-default\">Drug manufacturing with history<\/h2>\t\t\t\t<\/div>\n\t\t\t\t<\/div>\n\t\t\t\t\t<\/div>\n\t\t<\/div>\n\t\t\t\t\t<\/div>\n\t\t<\/section>\n\t\t\t\t<section class=\"elementor-section elementor-inner-section elementor-element elementor-element-a463ca9 elementor-section-boxed elementor-section-height-default elementor-section-height-default\" data-id=\"a463ca9\" data-element_type=\"section\" data-e-type=\"section\">\n\t\t\t\t\t\t<div class=\"elementor-container elementor-column-gap-default\">\n\t\t\t\t\t<div class=\"elementor-column elementor-col-100 elementor-inner-column elementor-element elementor-element-d2f15e1\" data-id=\"d2f15e1\" data-element_type=\"column\" data-e-type=\"column\">\n\t\t\t<div class=\"elementor-widget-wrap elementor-element-populated\">\n\t\t\t\t\t\t<div class=\"elementor-element elementor-element-093c351 elementor-widget elementor-widget-text-editor\" data-id=\"093c351\" data-element_type=\"widget\" data-e-type=\"widget\" data-widget_type=\"text-editor.default\">\n\t\t\t\t<div class=\"elementor-widget-container\">\n\t\t\t\t\t\t\t\t\t<p>In 1878, a world-famous magician, Alexander Heimb\u00fcrger from M\u00fcnster, laid the foundation for today&#8217;s pharmaceutical company Lomapharm.<\/p>\n<p>Heimb\u00fcrger, a keen experimenter and world traveller, launched the wound and laxative &#8220;H. B\u00fcrgers Digestiv-Salz&#8221; on the market in 1878. In old documents, one finds the customer names of various royal houses at home and abroad, including the German, Russian and Chinese imperial courts.<\/p>\n<p>At the beginning of the 1950s, Rudolf Lohmann sold the pharmaceutical wholesaler, retaining the old company name Heimb\u00fcrger, and renamed the company &#8220;Lomapharm Rudolf Lohmann GmbH KG&#8221;.<\/p>\n<p>Today, the development and production of pharmaceuticals and medical products on a contract basis is the clear focus of Lomapharm&#8217;s activities. The customers of the traditional company include national and international pharmaceutical companies and distributors.<\/p>\n<p>In the recent past, considerable investments were made in the production facility. In 2012, another milestone was set and a production unit for the sterile\/aseptic manufacture of eye drops and nasal sprays was put into operation.<\/p>\n<p>After Lomapharm was sold by the Emmerthal-based Lohmann Group to the Munich-based private equity firm (DUBAG) in 2013, turnover increased from \u20ac16.3m in 2013 to more than \u20ac24m in 2018. In the same period, the number of employees grew from 115 to more than 165.<\/p>\n<p>Coinciding with its 140th anniversary, Lomapharm\u00ae was acquired by the Japanese Daicel Group in October 2018. With the purchase of Lomapharm, Daicel entered the drug formulations business and further expanded its excipients business.<\/p>\n<p>In 2019, Lompharm Rudolf Lohmann GmbH KG changed its name to Lomapharm GmbH.<\/p>\n<p>After 4 \u00bd successful years as part of the Daicel Group, Neumarkt-based Bionorica SE acquired 100% of the shares in Lomapharm GmbH on 01.04.2023. Among other things, Bionorica is known for its various herbal preparations, such as Sinupret, Canephron or Bronchipret.<\/p>\n<p>As part of the Bionorica family, an expansion of the solida production is an integral part of the site development of Lomapharm GmbH.<\/p>\n\t\t\t\t\t\t\t\t<\/div>\n\t\t\t\t<\/div>\n\t\t\t\t\t<\/div>\n\t\t<\/div>\n\t\t\t\t\t<\/div>\n\t\t<\/section>\n\t\t\t\t\t<\/div>\n\t\t<\/div>\n\t\t\t\t\t<\/div>\n\t\t<\/section>\n\t\t\t\t<\/div>\n\t\t","protected":false},"excerpt":{"rendered":"<p>History Drug manufacturing with history In 1878, a world-famous magician, Alexander Heimb\u00fcrger from M\u00fcnster, laid the foundation for today&#8217;s pharmaceutical company Lomapharm. Heimb\u00fcrger, a keen experimenter and world traveller, launched the wound and laxative &#8220;H. B\u00fcrgers Digestiv-Salz&#8221; on the market in 1878. In old documents, one finds the customer names of various royal houses at [&hellip;]<\/p>\n","protected":false},"author":2,"featured_media":0,"parent":1040,"menu_order":0,"comment_status":"closed","ping_status":"closed","template":"","meta":{"footnotes":""},"class_list":["post-1042","page","type-page","status-publish","hentry"],"_links":{"self":[{"href":"https:\/\/lomapharm.de\/en\/wp-json\/wp\/v2\/pages\/1042","targetHints":{"allow":["GET"]}}],"collection":[{"href":"https:\/\/lomapharm.de\/en\/wp-json\/wp\/v2\/pages"}],"about":[{"href":"https:\/\/lomapharm.de\/en\/wp-json\/wp\/v2\/types\/page"}],"author":[{"embeddable":true,"href":"https:\/\/lomapharm.de\/en\/wp-json\/wp\/v2\/users\/2"}],"replies":[{"embeddable":true,"href":"https:\/\/lomapharm.de\/en\/wp-json\/wp\/v2\/comments?post=1042"}],"version-history":[{"count":5,"href":"https:\/\/lomapharm.de\/en\/wp-json\/wp\/v2\/pages\/1042\/revisions"}],"predecessor-version":[{"id":2490,"href":"https:\/\/lomapharm.de\/en\/wp-json\/wp\/v2\/pages\/1042\/revisions\/2490"}],"up":[{"embeddable":true,"href":"https:\/\/lomapharm.de\/en\/wp-json\/wp\/v2\/pages\/1040"}],"wp:attachment":[{"href":"https:\/\/lomapharm.de\/en\/wp-json\/wp\/v2\/media?parent=1042"}],"curies":[{"name":"wp","href":"https:\/\/api.w.org\/{rel}","templated":true}]}}